{"id":2,"date":"2020-03-13T10:46:17","date_gmt":"2020-03-13T09:46:17","guid":{"rendered":"http:\/\/legodent.be\/?page_id=2"},"modified":"2022-09-08T08:16:24","modified_gmt":"2022-09-08T06:16:24","slug":"page-d-exemple","status":"publish","type":"page","link":"https:\/\/legodent.be\/index.php\/page-d-exemple\/","title":{"rendered":"Notre \u00e9quipe"},"content":{"rendered":"\n<h1 class=\"wp-block-heading\"><strong>Les Dentistes<\/strong><\/h1>\n\n\n\n<h2 class=\"wp-block-heading\" id=\"block-e1d83177-098f-4c2d-ba10-99dd9956c759\"><mark style=\"background-color:rgba(0, 0, 0, 0)\" class=\"has-inline-color has-light-green-cyan-color\">G\u00e9raldine Goffinet<\/mark><\/h2>\n\n\n\n<p id=\"block-c2fb308f-9393-40ac-bb28-4ce2502284bf\">Dipl\u00f4m\u00e9e de l&rsquo;ULi\u00e8ge en 2010 en Dentisterie G\u00e9n\u00e9rale<\/p>\n\n\n\n<figure class=\"wp-block-image size-large is-resized is-style-rounded\"><img loading=\"lazy\" decoding=\"async\" src=\"https:\/\/legodent.be\/wp-content\/uploads\/2022\/09\/LEG_4321-Modifier2-1-1024x684.jpg\" alt=\"\" class=\"wp-image-172\" width=\"310\" height=\"207\" srcset=\"https:\/\/legodent.be\/wp-content\/uploads\/2022\/09\/LEG_4321-Modifier2-1-1024x684.jpg 1024w, https:\/\/legodent.be\/wp-content\/uploads\/2022\/09\/LEG_4321-Modifier2-1-300x200.jpg 300w, https:\/\/legodent.be\/wp-content\/uploads\/2022\/09\/LEG_4321-Modifier2-1-768x513.jpg 768w, https:\/\/legodent.be\/wp-content\/uploads\/2022\/09\/LEG_4321-Modifier2-1-1536x1025.jpg 1536w, https:\/\/legodent.be\/wp-content\/uploads\/2022\/09\/LEG_4321-Modifier2-1-2048x1367.jpg 2048w\" sizes=\"auto, (max-width: 310px) 100vw, 310px\" \/><\/figure>\n\n\n\n<h2 class=\"wp-block-heading\" id=\"block-9bb4fb92-6009-49fc-a301-fe1d85ba5dd3\"><mark style=\"background-color:rgba(0, 0, 0, 0)\" class=\"has-inline-color has-light-green-cyan-color\">Astrid Leclercq<\/mark><\/h2>\n\n\n\n<p id=\"block-138cd2e3-b970-4160-be4d-43e929cb86ef\">Dipl\u00f4m\u00e9e de l&rsquo;ULi\u00e8ge en 2008 en Dentisterie G\u00e9n\u00e9rale<\/p>\n\n\n\n<figure class=\"wp-block-image size-medium is-style-rounded\"><img loading=\"lazy\" decoding=\"async\" width=\"300\" height=\"200\" src=\"https:\/\/legodent.be\/wp-content\/uploads\/2021\/02\/LEG_2053-300x200.jpg\" alt=\"\" class=\"wp-image-127\" srcset=\"https:\/\/legodent.be\/wp-content\/uploads\/2021\/02\/LEG_2053-300x200.jpg 300w, https:\/\/legodent.be\/wp-content\/uploads\/2021\/02\/LEG_2053-1024x684.jpg 1024w, https:\/\/legodent.be\/wp-content\/uploads\/2021\/02\/LEG_2053-768x513.jpg 768w, https:\/\/legodent.be\/wp-content\/uploads\/2021\/02\/LEG_2053-1536x1026.jpg 1536w, https:\/\/legodent.be\/wp-content\/uploads\/2021\/02\/LEG_2053-2048x1367.jpg 2048w\" sizes=\"auto, (max-width: 300px) 100vw, 300px\" \/><\/figure>\n\n\n\n<h2 class=\"wp-block-heading\" id=\"block-db6da776-812a-4028-9c65-4ad2e956623f\"><mark style=\"background-color:rgba(0, 0, 0, 0)\" class=\"has-inline-color has-light-green-cyan-color\">Benoit Goffinet<\/mark><\/h2>\n\n\n\n<p id=\"block-b8e5583a-4627-47b1-bba3-31bf77347583\">Dipl\u00f4m\u00e9 de l&rsquo;UCL en 1980 en Dentisterie G\u00e9n\u00e9rale<\/p>\n\n\n\n<figure class=\"wp-block-image size-medium is-style-rounded\"><img loading=\"lazy\" decoding=\"async\" width=\"300\" height=\"200\" src=\"https:\/\/legodent.be\/wp-content\/uploads\/2021\/02\/LEG_2038-300x200.jpg\" alt=\"\" class=\"wp-image-131\" srcset=\"https:\/\/legodent.be\/wp-content\/uploads\/2021\/02\/LEG_2038-300x200.jpg 300w, https:\/\/legodent.be\/wp-content\/uploads\/2021\/02\/LEG_2038-1024x684.jpg 1024w, https:\/\/legodent.be\/wp-content\/uploads\/2021\/02\/LEG_2038-768x513.jpg 768w, https:\/\/legodent.be\/wp-content\/uploads\/2021\/02\/LEG_2038-1536x1025.jpg 1536w, https:\/\/legodent.be\/wp-content\/uploads\/2021\/02\/LEG_2038-2048x1367.jpg 2048w\" sizes=\"auto, (max-width: 300px) 100vw, 300px\" \/><\/figure>\n\n\n\n<h1 class=\"wp-block-heading\"><strong>Les assistantes<\/strong><\/h1>\n\n\n\n<h2 class=\"wp-block-heading\"><mark style=\"background-color:rgba(0, 0, 0, 0)\" class=\"has-inline-color has-light-green-cyan-color\">Claude Neys<\/mark><\/h2>\n\n\n\n<figure class=\"wp-block-image size-medium is-style-rounded\"><img loading=\"lazy\" decoding=\"async\" width=\"300\" height=\"200\" src=\"https:\/\/legodent.be\/wp-content\/uploads\/2021\/02\/LEG_2004-300x200.jpg\" alt=\"\" class=\"wp-image-128\" srcset=\"https:\/\/legodent.be\/wp-content\/uploads\/2021\/02\/LEG_2004-300x200.jpg 300w, https:\/\/legodent.be\/wp-content\/uploads\/2021\/02\/LEG_2004-1024x684.jpg 1024w, https:\/\/legodent.be\/wp-content\/uploads\/2021\/02\/LEG_2004-768x513.jpg 768w, https:\/\/legodent.be\/wp-content\/uploads\/2021\/02\/LEG_2004-1536x1025.jpg 1536w, https:\/\/legodent.be\/wp-content\/uploads\/2021\/02\/LEG_2004-2048x1367.jpg 2048w\" sizes=\"auto, (max-width: 300px) 100vw, 300px\" \/><\/figure>\n\n\n\n<h2 class=\"wp-block-heading\"><mark style=\"background-color:rgba(0, 0, 0, 0)\" class=\"has-inline-color has-light-green-cyan-color\">St\u00e9phanie Berg<\/mark><\/h2>\n\n\n\n<figure class=\"wp-block-image size-large is-resized is-style-rounded\"><img loading=\"lazy\" decoding=\"async\" src=\"https:\/\/legodent.be\/wp-content\/uploads\/2022\/09\/LEG_4298-Modifier3-1-1024x684.jpg\" alt=\"\" class=\"wp-image-170\" width=\"300\" height=\"200\" srcset=\"https:\/\/legodent.be\/wp-content\/uploads\/2022\/09\/LEG_4298-Modifier3-1-1024x684.jpg 1024w, https:\/\/legodent.be\/wp-content\/uploads\/2022\/09\/LEG_4298-Modifier3-1-300x200.jpg 300w, https:\/\/legodent.be\/wp-content\/uploads\/2022\/09\/LEG_4298-Modifier3-1-768x513.jpg 768w, https:\/\/legodent.be\/wp-content\/uploads\/2022\/09\/LEG_4298-Modifier3-1-1536x1025.jpg 1536w, https:\/\/legodent.be\/wp-content\/uploads\/2022\/09\/LEG_4298-Modifier3-1-2048x1367.jpg 2048w\" sizes=\"auto, (max-width: 300px) 100vw, 300px\" \/><\/figure>\n\n\n\n<p><\/p>\n\n\n\n<h2 class=\"wp-block-heading\"><mark style=\"background-color:rgba(0, 0, 0, 0)\" class=\"has-inline-color has-light-green-cyan-color\">Margaux Ernst de la Graete<\/mark><\/h2>\n\n\n\n<figure class=\"wp-block-image size-large is-resized is-style-rounded\"><img loading=\"lazy\" decoding=\"async\" src=\"https:\/\/legodent.be\/wp-content\/uploads\/2022\/09\/LEG_4310-Modifier2-1-1024x684.jpg\" alt=\"\" class=\"wp-image-171\" width=\"300\" height=\"200\" srcset=\"https:\/\/legodent.be\/wp-content\/uploads\/2022\/09\/LEG_4310-Modifier2-1-1024x684.jpg 1024w, https:\/\/legodent.be\/wp-content\/uploads\/2022\/09\/LEG_4310-Modifier2-1-300x200.jpg 300w, https:\/\/legodent.be\/wp-content\/uploads\/2022\/09\/LEG_4310-Modifier2-1-768x513.jpg 768w, https:\/\/legodent.be\/wp-content\/uploads\/2022\/09\/LEG_4310-Modifier2-1-1536x1025.jpg 1536w, https:\/\/legodent.be\/wp-content\/uploads\/2022\/09\/LEG_4310-Modifier2-1-2048x1367.jpg 2048w\" sizes=\"auto, (max-width: 300px) 100vw, 300px\" \/><\/figure>\n","protected":false},"excerpt":{"rendered":"<p>Les Dentistes G\u00e9raldine Goffinet Dipl\u00f4m\u00e9e de l&rsquo;ULi\u00e8ge en 2010 en Dentisterie G\u00e9n\u00e9rale Astrid Leclercq Dipl\u00f4m\u00e9e de l&rsquo;ULi\u00e8ge en 2008 en Dentisterie G\u00e9n\u00e9rale Benoit Goffinet Dipl\u00f4m\u00e9 de l&rsquo;UCL en 1980 en Dentisterie G\u00e9n\u00e9rale Les assistantes Claude Neys St\u00e9phanie Berg Margaux Ernst de la Graete<\/p>\n","protected":false},"author":1,"featured_media":0,"parent":0,"menu_order":0,"comment_status":"closed","ping_status":"open","template":"","meta":{"footnotes":""},"class_list":["post-2","page","type-page","status-publish","hentry"],"_links":{"self":[{"href":"https:\/\/legodent.be\/index.php\/wp-json\/wp\/v2\/pages\/2","targetHints":{"allow":["GET"]}}],"collection":[{"href":"https:\/\/legodent.be\/index.php\/wp-json\/wp\/v2\/pages"}],"about":[{"href":"https:\/\/legodent.be\/index.php\/wp-json\/wp\/v2\/types\/page"}],"author":[{"embeddable":true,"href":"https:\/\/legodent.be\/index.php\/wp-json\/wp\/v2\/users\/1"}],"replies":[{"embeddable":true,"href":"https:\/\/legodent.be\/index.php\/wp-json\/wp\/v2\/comments?post=2"}],"version-history":[{"count":15,"href":"https:\/\/legodent.be\/index.php\/wp-json\/wp\/v2\/pages\/2\/revisions"}],"predecessor-version":[{"id":169,"href":"https:\/\/legodent.be\/index.php\/wp-json\/wp\/v2\/pages\/2\/revisions\/169"}],"wp:attachment":[{"href":"https:\/\/legodent.be\/index.php\/wp-json\/wp\/v2\/media?parent=2"}],"curies":[{"name":"wp","href":"https:\/\/api.w.org\/{rel}","templated":true}]}}